{"id":1233,"date":"2021-12-22T17:33:22","date_gmt":"2021-12-22T15:33:22","guid":{"rendered":"https:\/\/www.vitalia-mediu.ro\/?page_id=1233"},"modified":"2021-12-22T17:35:34","modified_gmt":"2021-12-22T15:35:34","slug":"anunturi","status":"publish","type":"page","link":"https:\/\/www.vitalia-mediu.ro\/en\/anunturi\/","title":{"rendered":"Anun\u021buri"},"content":{"rendered":"\t\t<div data-elementor-type=\"wp-page\" data-elementor-id=\"1233\" class=\"elementor elementor-1233 elementor-1232\" data-elementor-settings=\"[]\">\n\t\t\t\t\t\t\t<div class=\"elementor-section-wrap\">\n\t\t\t\t\t\t\t<section class=\"elementor-section elementor-top-section elementor-element elementor-element-99569e1 elementor-section-full_width elementor-section-height-min-height elementor-section-items-stretch elementor-section-height-default\" data-id=\"99569e1\" data-element_type=\"section\" data-settings=\"{&quot;background_background&quot;:&quot;classic&quot;,&quot;jet_parallax_layout_list&quot;:[]}\">\n\t\t\t\t\t\t\t<div class=\"elementor-background-overlay\"><\/div>\n\t\t\t\t\t\t\t<div class=\"elementor-container elementor-column-gap-no\">\n\t\t\t\t\t<div class=\"elementor-column elementor-col-100 elementor-top-column elementor-element elementor-element-817c238\" data-id=\"817c238\" data-element_type=\"column\" data-settings=\"{&quot;background_background&quot;:&quot;classic&quot;}\">\n\t\t\t<div class=\"elementor-widget-wrap elementor-element-populated\">\n\t\t\t\t\t<div class=\"elementor-background-overlay\"><\/div>\n\t\t\t\t\t\t\t\t<section class=\"elementor-section elementor-inner-section elementor-element elementor-element-2be6e06 elementor-section-boxed elementor-section-height-default elementor-section-height-default\" data-id=\"2be6e06\" data-element_type=\"section\" data-settings=\"{&quot;jet_parallax_layout_list&quot;:[]}\">\n\t\t\t\t\t\t<div class=\"elementor-container elementor-column-gap-no\">\n\t\t\t\t\t<div class=\"elementor-column elementor-col-100 elementor-inner-column elementor-element elementor-element-865cac5\" data-id=\"865cac5\" data-element_type=\"column\">\n\t\t\t<div class=\"elementor-widget-wrap elementor-element-populated\">\n\t\t\t\t\t\t\t\t<div class=\"elementor-element elementor-element-c51154d elementor-widget elementor-widget-heading\" data-id=\"c51154d\" data-element_type=\"widget\" data-widget_type=\"heading.default\">\n\t\t\t\t<div class=\"elementor-widget-container\">\n\t\t\t<h2 class=\"elementor-heading-title elementor-size-default\">Anun\u021buri<\/h2>\t\t<\/div>\n\t\t\t\t<\/div>\n\t\t\t\t\t<\/div>\n\t\t<\/div>\n\t\t\t\t\t\t\t<\/div>\n\t\t<\/section>\n\t\t\t\t\t<\/div>\n\t\t<\/div>\n\t\t\t\t\t\t\t<\/div>\n\t\t<\/section>\n\t\t\t\t<section class=\"elementor-section elementor-top-section elementor-element elementor-element-29e3beca elementor-section-boxed elementor-section-height-default elementor-section-height-default\" data-id=\"29e3beca\" data-element_type=\"section\" data-settings=\"{&quot;jet_parallax_layout_list&quot;:[]}\">\n\t\t\t\t\t\t\t<div class=\"elementor-background-overlay\"><\/div>\n\t\t\t\t\t\t\t<div class=\"elementor-container elementor-column-gap-default\">\n\t\t\t\t\t<div class=\"elementor-column elementor-col-100 elementor-top-column elementor-element elementor-element-0c7ceda\" data-id=\"0c7ceda\" data-element_type=\"column\">\n\t\t\t<div class=\"elementor-widget-wrap elementor-element-populated\">\n\t\t\t\t\t\t\t\t<div class=\"elementor-element elementor-element-8bf3dc4 elementor-widget elementor-widget-posts\" data-id=\"8bf3dc4\" data-element_type=\"widget\" data-settings=\"{&quot;full_content_row_gap&quot;:{&quot;unit&quot;:&quot;px&quot;,&quot;size&quot;:35,&quot;sizes&quot;:[]}}\" data-widget_type=\"posts.full_content\">\n\t\t\t\t<div class=\"elementor-widget-container\">\n\t\t\t\t\t<div class=\"elementor-posts-container elementor-posts elementor-posts--skin-full_content elementor-grid\">\n\t\t\t\t<article class=\"elementor-post elementor-grid-item post-1612 anunt type-anunt status-publish hentry\">\n\t\t\t\t<div class=\"elementor-post__text\">\n\t\t\t\t<h3 class=\"elementor-post__title\">\n\t\t\t<a href=\"https:\/\/www.vitalia-mediu.ro\/en\/informatii\/anunt\/referitor-la-incendiul-din-cadrul-depozitului-de-deseuri-menajere-boldesti-scaeni\/\" >\n\t\t\t\tReferitor la incendiul din cadrul depozitului de de\u0219euri menajere Bolde\u0219ti-Sc\u0103eni\t\t\t<\/a>\n\t\t<\/h3>\n\t\t\t\t<div class=\"elementor-post__meta-data\">\n\t\t\t\t\t<span class=\"elementor-post-date\">\n\t\t\t2 November 2023\t\t<\/span>\n\t\t\t\t<\/div>\n\t\t\n<p>Referitor la incendiul din cadrul depozitului de de\u0219euri menajere Bolde\u0219ti-Sc\u0103eni facem urm\u0103toarele preciz\u0103ri:<\/p>\n\n\n\n<p>Evenimentul a fost izolat \u0219i neutralizat, f\u0103r\u0103 producerea de pagube semnificative \u0219i, foarte important, f\u0103r\u0103 s\u0103 existe persoane v\u0103t\u0103mate, at\u00e2t de incendiul \u00een sine, c\u00e2t \u0219i de emisiile rezultate \u00een urma acestuia.<\/p>\n\n\n\n<p>Compania a identificat rapid incendiul, \u00eenc\u0103 din faza incipient\u0103 a acestuia, gra\u021bie sistemului de monitorizare bazat pe camerele termice instalate \u00een cadrul complexului.<\/p>\n\n\n\n<p>Semnalarea evenimentului la serviciul unic de urgen\u021b\u0103 a avut loc la ora 1:10 \u00een diminea\u021ba zilei de 2.11.2023.<\/p>\n\n\n\n<p>Utilajele operatorului economic au fost mobilizate operativ, pentru limitarea propag\u0103rii prin acoperirea cu un strat de p\u0103m\u00e2nt.<\/p>\n\n\n\n<p>Apreciem interven\u021bia autorit\u0103\u021bilor care, \u00een ciuda condi\u021biilor de v\u00e2nt au izolat \u0219i lichidat incendiul, \u00een colaborare cu personalul nostru de interven\u021bie, astfel \u00eenc\u00e2t la ora 7:15 evenimentul a fost total izolat.<\/p>\n\n\n\n<p>Pompierii au intervenit cu 5 autospeciale de stingere a incendiilor \u0219i dou\u0103 autovehicule de alimentare cu ap\u0103.<\/p>\n\n\n\n<p>De asemenea, preciz\u0103m c\u0103 \u00een urma comunic\u0103rii autorit\u0103\u021bilor de mediu, evenimentul nu s-a soldat cu dep\u0103\u0219iri medii admise ale limitelor, at\u00e2t pentru monoxidul de carbon c\u00e2t \u0219i pentru particulele \u00een suspensie.<\/p>\n\n\n\n<p>\u00cen momentul de fa\u021b\u0103 este neclar\u0103 sursa acestui eveniment. Vom continua s\u0103 colabor\u0103m cu autorit\u0103\u021bile competente pentru a determina sursa precis\u0103 a acestui incendiu \u0219i pentru a ne asigura de limitarea maxim\u0103 a oric\u0103ror evenimente similare.<\/p>\n\n\n\n<p>Le mul\u021bumim, pe aceast\u0103 cale, tuturor profesioni\u0219tilor care au fost al\u0103turi de noi pe parcursul derul\u0103rii evenimentelor.<\/p>\n\t\t<\/div>\n\t\t\t\t<\/article>\n\t\t\t\t<article class=\"elementor-post elementor-grid-item post-1610 anunt type-anunt status-publish hentry\">\n\t\t\t\t<div class=\"elementor-post__text\">\n\t\t\t\t<h3 class=\"elementor-post__title\">\n\t\t\t<a href=\"https:\/\/www.vitalia-mediu.ro\/en\/informatii\/anunt\/anunt-public-privind-decizia-de-emitere-a-acordului-de-mediu-2\/\" >\n\t\t\t\tAnun\u021b public privind decizia de emitere a acordului de mediu\t\t\t<\/a>\n\t\t<\/h3>\n\t\t\t\t<div class=\"elementor-post__meta-data\">\n\t\t\t\t\t<span class=\"elementor-post-date\">\n\t\t\t28 September 2023\t\t<\/span>\n\t\t\t\t<\/div>\n\t\t\n<p><strong>S.C. VITALIA SERVICII PENTRU MEDIU TRATAREA DESEURILOR S.R.L<\/strong> anun\u021b\u0103 publicul interesat asupra deciziei de emitere a acordului de mediu pentru proiectul:\u201cCENTRU DE MANAGEMENT INTEGRAT AL DESEURILOR ( EXTINDEREA CAPACITATII DE DEPOZITARE\/ELIMINARE A DESEURILOR DIN JUDETUL PRAHOVA) EFECTUAT PRIN SCOATEREA DEFINITIVA DIN FONDUL FORESTIER A TERENULUI IN SUPRAFATA DE 6,7713 ha, CU DEFRISARE \u201c amplasat \u00een localitatea Boldesti -Scaeni, str.Poligonului, nr. T26 PD1176, jud.Prahova, titular SC VITALIA SERVICII PENTRU MEDIU TRATAREA DESEURILOR SRL.<\/p>\n\n\n\n<p>Proiectul acordului de mediu poate fi consultat la sediul APM Prahova din Ploie\u0219ti, str. Gh. Gr. Cantacuzino, nr.306, \u00een zilele de luni-vineri, intre orele 9,00-14,00, precum \u0219i la urmatoarea adres\u0103 de internet <a href=\"http:\/\/apmph.anpm.ro\/\">http:\/\/apmph.anpm.ro<\/a>.<\/p>\n\n\n\n<p>Observa\u021biile\/contesta\u021biile publicului se primesc la sediul APM Prahova din Ploie\u0219ti, str. Gh. Gr. Cantacuzino, nr.306, \u00een termen de 10 zile de la data afisarii prezentului anunt, <strong>pana la data de 08.10.2023.<\/strong><\/p>\n\n\n\n<p>Data afisarii: 28.09.2023<\/p>\n\t\t<\/div>\n\t\t\t\t<\/article>\n\t\t\t\t<article class=\"elementor-post elementor-grid-item post-1608 anunt type-anunt status-publish hentry\">\n\t\t\t\t<div class=\"elementor-post__text\">\n\t\t\t\t<h3 class=\"elementor-post__title\">\n\t\t\t<a href=\"https:\/\/www.vitalia-mediu.ro\/en\/informatii\/anunt\/anunt-public-privind-dezbaterea-publica-2\/\" >\n\t\t\t\tAnunt  public privind dezbaterea publica\t\t\t<\/a>\n\t\t<\/h3>\n\t\t\t\t<div class=\"elementor-post__meta-data\">\n\t\t\t\t\t<span class=\"elementor-post-date\">\n\t\t\t27 June 2023\t\t<\/span>\n\t\t\t\t<\/div>\n\t\t\n<p>VITALIA SERVICII PENTRU MEDIU- TRATAREA DESEURILOR SRL anunta publicul interesat asupra depunerii raportului privind impactul asupra mediului pentru proiectul <strong>\u00ab\u00a0<\/strong><em>Centru de management integrat al deseurilor (extinderea capacitatii de depozitare\/eliminare a deseurilor din jud. Prahova) efectuat prin<\/em> s<em>coaterea definitiva din fondul forestier a terenului in suprafata de 6,7713 ha, cu defrisare\u00a0\u00bb<\/em> propus a fi amplasat in Boldesti-Scaeni, str.Poligonului, nr. T26 PD1176 jud. Prahova.<\/p>\n\n\n\n<p>Tipul deciziei posibile luate de Agentia pentru Protectia Mediului Prahova poate fi emiterea acordului de mediu sau respingerea solicitarii de emitere a acordului de mediu.<\/p>\n\n\n\n<p>Rapoartele si studiile, dupa caz, pot fi consultate la sediul Agentiei pentru Protectia Mediului Prahova din Ploiesti, str. Gh. Gr. Cantacuzino, nr. 306 si la sediul VITALIA SERVICII PENTRU MEDIU- TRATAREA DESEURILOR SRL din Boldesti- Scaeni, str. Poligonului nr.6, in zilele de luni-vineri, intre orele 9-13.<\/p>\n\n\n\n<p> Documentele mentionate sunt disponibile si la urmatoarea adresa de internet <a href=\"http:\/\/apmph.anpm.ro\">http:\/\/apmph.anpm.ro<\/a>.<\/p>\n\n\n\n<p>Dezbaterea publica a raportului privind impactul asupra mediului \u00a0va avea loc la sala de consiliu a Primariei Boldesti- Scaeni, Calea Unirii nr.67, in data de 27.07.2023, incepand cu orele 15:00.<\/p>\n\n\n\n<p>Publicul interesat poate transmite in scris comentarii\/opinii\/observatii privind documentele mentionate, la sediul APM PRAHOVA pana la data de 27.07.2023.<\/p>\n\t\t<\/div>\n\t\t\t\t<\/article>\n\t\t\t\t<article class=\"elementor-post elementor-grid-item post-1605 anunt type-anunt status-publish hentry\">\n\t\t\t\t<div class=\"elementor-post__text\">\n\t\t\t\t<h3 class=\"elementor-post__title\">\n\t\t\t<a href=\"https:\/\/www.vitalia-mediu.ro\/en\/informatii\/anunt\/anunt-public-privind-decizia-etapei-de-incadrare\/\" >\n\t\t\t\tANUNT PUBLIC PRIVIND DECIZIA ETAPEI DE INCADRARE\t\t\t<\/a>\n\t\t<\/h3>\n\t\t\t\t<div class=\"elementor-post__meta-data\">\n\t\t\t\t\t<span class=\"elementor-post-date\">\n\t\t\t17 May 2023\t\t<\/span>\n\t\t\t\t<\/div>\n\t\t\n<p><strong>VITALIA SERVICII PENTRU MEDIU \u2013 TRATAREA DE\u015eEURILOR SRL,&nbsp;<\/strong>titular al proiectului<strong> \u00ab&nbsp;<\/strong><em>Centru de management intergrat al deserurilor (extinderea capacitatii de depozitare\/eliminare a deserurilor din jud. Prahova) efectuat prin<\/em> s<em>coaterea definitiva din fondul forestier a terenului in suprafata de 6,7713 ha, cu defrisare&nbsp;\u00bb, <\/em>anun\u0163\u0103 publicul interesat asupra luarii deciziei etapei de incadrare <strong>de a se supune evaluarii impactului asupra mediului, <\/strong>in cadrul procedurii de evaluare a impactului asupra mediului, pentru proiectul<strong> \u00ab&nbsp;<\/strong><em>Centru de management intergrat al deserurilor (extinderea capacitatii de depozitare\/eliminare a deserurilor din jud. Prahova) efectuat prin<\/em> <em>s<\/em><em>coaterea definitiva din fondul forestier a terenului in suprafata de 6,7313 ha, cu defrisare<\/em> \u00bb propus a fi amplasat in Boldesti-Scaeni,jud. Prahova.<\/p>\n\n\n\n<p><strong>1. <\/strong>Proiectul deciziei de incadrare si motivele care o fundamenteaza pot fi consultate la sediul autoritatii competente pentru protectia mediului APM Prahova din Ploiesti, str. Gh. Gr. Cantacuzino, nr. 306 , in zilele de luni-vineri, intre orele 9-13, precum si la urmatoarea adresa de internet <a href=\"http:\/\/apmph.anpm.ro\/\">http:\/\/apmph.anpm.ro<\/a>.<\/p>\n\n\n\n<p>Publicul interesat poate inainta comentarii\/ observatii la proiectul deciziei de incadrare in termen de 10 zile de la data publicarii anuntului pe pagina de internet a autoritatii competente pentru protectia mediului.<\/p>\n\n\n\n<p><strong>2.<\/strong> Publicul interesat poate depune propuneri in ceea ce priveste continutul raportului privind impactul asupra mediului la sediul APM PRAHOVA in termen de 10 zile de la data publicarii anuntului pe pagina de internet a autoritatii competente pentru protectia mediului.<\/p>\n\n\n\n<p><strong>Administrator,<\/strong><\/p>\n\n\n\n<p><strong>Razvan George TROCAN<\/strong><\/p>\n\t\t<\/div>\n\t\t\t\t<\/article>\n\t\t\t\t<article class=\"elementor-post elementor-grid-item post-1499 anunt type-anunt status-publish hentry\">\n\t\t\t\t<div class=\"elementor-post__text\">\n\t\t\t\t<h3 class=\"elementor-post__title\">\n\t\t\t<a href=\"https:\/\/www.vitalia-mediu.ro\/en\/informatii\/anunt\/anunt-public-privind-decizia-de-emitere-a-acordului-de-mediu\/\" >\n\t\t\t\tAnun\u021b public privind decizia de emitere a acordului de mediu\t\t\t<\/a>\n\t\t<\/h3>\n\t\t\t\t<div class=\"elementor-post__meta-data\">\n\t\t\t\t\t<span class=\"elementor-post-date\">\n\t\t\t2 March 2023\t\t<\/span>\n\t\t\t\t<\/div>\n\t\t\n<p><strong>SC VITALIA SALUBRITATE PRAHOVA SRL<\/strong> anun\u021b\u0103 publicul interesat asupra deciziei de emitere a acordului de mediu pentru proiectul: \u201cExtindere depozit de de\u0219euri nepericuloase celulele 3 \u0219i 4-etapa II \u201c amplasat \u00een localitatea B\u0103icoi, str. Valea lui Dan, nr.10.<\/p>\n\n\n\n<p>Proiectul acordului de mediu poate fi consultat la sediul APM Prahova din Ploie\u0219ti, str. Gh. Gr. Cantacuzino, nr.306, \u00een zilele de luni-vineri, intre orele 9,00-14,00, precum \u0219i la urmatoarea adres\u0103 de internet <a href=\"http:\/\/apmph.anpm.ro\">http:\/\/apmph.anpm.ro<\/a>.Observa\u021biile\/contesta\u021biile publicului se primesc la sediul APM Prahova din Ploie\u0219ti, str. Gh. Gr. Cantacuzino, nr.306, \u00een termen de 10 zile de la data public\u0103rii anun\u021bului pe pagina de internet a APM Prahova.<\/p>\n\n\n\n<p>Administrator,<br>Dragos Marian LEU<\/p>\n\t\t<\/div>\n\t\t\t\t<\/article>\n\t\t\t\t<article class=\"elementor-post elementor-grid-item post-1456 anunt type-anunt status-publish hentry\">\n\t\t\t\t<div class=\"elementor-post__text\">\n\t\t\t\t<h3 class=\"elementor-post__title\">\n\t\t\t<a href=\"https:\/\/www.vitalia-mediu.ro\/en\/informatii\/anunt\/anunt-public-depunerea-solicitariide-emitere-a-acordului-de-mediu\/\" >\n\t\t\t\tANUNT PUBLIC DEPUNEREA SOLICITARII<br>DE EMITERE A ACORDULUI DE MEDIU\t\t\t<\/a>\n\t\t<\/h3>\n\t\t\t\t<div class=\"elementor-post__meta-data\">\n\t\t\t\t\t<span class=\"elementor-post-date\">\n\t\t\t17 January 2023\t\t<\/span>\n\t\t\t\t<\/div>\n\t\t\n<p><strong>VITALIA SERVICII PENTRU MEDIU \u2013 TRATAREA DE\u015eEURILOR SRL,\u00a0<\/strong>anun\u0163\u0103 publicul interesat asupra depunerii solicit\u0103rii de emitere a\u00a0<strong>Acordului de mediu\u00a0<\/strong>pentru proiectul:<strong>\u00a0\u00ab\u00a0Centru de management integrat al deseurilor (Extinderea capacitatii de depozitare\/eliminarea deseurilor din judetul Prahova) efectuat prin scoaterea definitiva din fondul forestier a terenului in suprafata de 6,7713 ha cu defrisare\u00a0\u00bb <\/strong>cu amplasamentul in Boldesti-Scaeni, str. Poligonului nr.T26PD1176, judetul Prahova.<\/p>\n\n\n\n<p>Informa\u0163iile privind proiectul propus pot fi consultate la sediul Agen\u0163iei pentru Protec\u0163ia Mediului Prahova, cu sediul \u00een Ploie\u015fti, str. Gh. Gr. Cantacuzino, nr.306, \u015fi la sediul VITALIA SERVICII PENTRU MEDIU- TRATAREA DESEURILOR SRL, din Bolde\u015fti-Sc\u0103eni, str. Poligonului nr.6, \u00een timpul programului de lucru la sediul APM Prahova, str. Gh. Gr. Cantacuzino, nr.306, de luni p\u00e2n\u0103 joi intre orele 9<sup>00<\/sup>\u00a0\u2013 15<sup>00<\/sup>\u00a0\u015fi vineri \u00eentre orele 9<sup>00<\/sup>\u00a0\u2013 13<sup>00<\/sup>.<\/p>\n\n\n\n<p>Observa\u0163iile publicului se primesc zilnic la sediul APM Prahova, str. Gh. Gr. Cantacuzino, nr.306,\u00a0 p\u00e2n\u0103 la data de 02.02.2023.<\/p>\n\n\n\n<p><strong>Administrator,<\/strong><br><strong>Razvan George TROCAN<\/strong><br><strong>Societatea Vitalia Servicii Pentru Mediu Tratarea Deseurilor S.R.L<\/strong><\/p>\n\t\t<\/div>\n\t\t\t\t<\/article>\n\t\t\t\t<\/div>\n\n\n\t\t\n\t\t\t\t<\/div>\n\t\t\t\t<\/div>\n\t\t\t\t\t<\/div>\n\t\t<\/div>\n\t\t\t\t\t\t\t<\/div>\n\t\t<\/section>\n\t\t\t\t\t\t<\/div>\n\t\t\t\t\t<\/div>\n\t\t","protected":false},"excerpt":{"rendered":"<p>Anun\u021buri<\/p>\n","protected":false},"author":3,"featured_media":0,"parent":0,"menu_order":0,"comment_status":"closed","ping_status":"closed","template":"elementor_header_footer","meta":{"inline_featured_image":false,"neve_meta_sidebar":"full-width","neve_meta_container":"full-width","neve_meta_enable_content_width":"on","neve_meta_content_width":100,"neve_meta_title_alignment":"","neve_meta_author_avatar":"","neve_post_elements_order":"","neve_meta_disable_header":"","neve_meta_disable_footer":"","neve_meta_disable_title":"on","footnotes":"","_links_to":"","_links_to_target":""},"class_list":["post-1233","page","type-page","status-publish","hentry"],"acf":[],"yoast_head":"<!-- This site is optimized with the Yoast SEO plugin v23.9 - https:\/\/yoast.com\/wordpress\/plugins\/seo\/ -->\n<title>Anun\u021buri - Vitalia Mediu<\/title>\n<meta name=\"robots\" content=\"index, follow, max-snippet:-1, max-image-preview:large, max-video-preview:-1\" \/>\n<link rel=\"canonical\" href=\"https:\/\/www.vitalia-mediu.ro\/en\/anunturi\/\" \/>\n<meta property=\"og:locale\" content=\"en_US\" \/>\n<meta property=\"og:type\" content=\"article\" \/>\n<meta property=\"og:title\" content=\"Anun\u021buri - Vitalia Mediu\" \/>\n<meta property=\"og:description\" content=\"Anun\u021buri\" \/>\n<meta property=\"og:url\" content=\"https:\/\/www.vitalia-mediu.ro\/en\/anunturi\/\" \/>\n<meta property=\"og:site_name\" content=\"Vitalia Mediu\" \/>\n<meta property=\"article:modified_time\" content=\"2021-12-22T15:35:34+00:00\" \/>\n<meta name=\"twitter:card\" content=\"summary_large_image\" \/>\n<meta name=\"twitter:label1\" content=\"Est. reading time\" \/>\n\t<meta name=\"twitter:data1\" content=\"1 minute\" \/>\n<script type=\"application\/ld+json\" class=\"yoast-schema-graph\">{\"@context\":\"https:\/\/schema.org\",\"@graph\":[{\"@type\":\"WebPage\",\"@id\":\"https:\/\/www.vitalia-mediu.ro\/en\/anunturi\/\",\"url\":\"https:\/\/www.vitalia-mediu.ro\/en\/anunturi\/\",\"name\":\"Anun\u021buri - Vitalia Mediu\",\"isPartOf\":{\"@id\":\"https:\/\/www.vitalia-mediu.ro\/en\/#website\"},\"datePublished\":\"2021-12-22T15:33:22+00:00\",\"dateModified\":\"2021-12-22T15:35:34+00:00\",\"breadcrumb\":{\"@id\":\"https:\/\/www.vitalia-mediu.ro\/en\/anunturi\/#breadcrumb\"},\"inLanguage\":\"en-US\",\"potentialAction\":[{\"@type\":\"ReadAction\",\"target\":[\"https:\/\/www.vitalia-mediu.ro\/en\/anunturi\/\"]}]},{\"@type\":\"BreadcrumbList\",\"@id\":\"https:\/\/www.vitalia-mediu.ro\/en\/anunturi\/#breadcrumb\",\"itemListElement\":[{\"@type\":\"ListItem\",\"position\":1,\"name\":\"Prima pagin\u0103\",\"item\":\"https:\/\/www.vitalia-mediu.ro\/en\/?page_id=1700\"},{\"@type\":\"ListItem\",\"position\":2,\"name\":\"Anun\u021buri\"}]},{\"@type\":\"WebSite\",\"@id\":\"https:\/\/www.vitalia-mediu.ro\/en\/#website\",\"url\":\"https:\/\/www.vitalia-mediu.ro\/en\/\",\"name\":\"Vitalia Mediu\",\"description\":\"Servicii Pentru Mediu\",\"publisher\":{\"@id\":\"https:\/\/www.vitalia-mediu.ro\/en\/#organization\"},\"potentialAction\":[{\"@type\":\"SearchAction\",\"target\":{\"@type\":\"EntryPoint\",\"urlTemplate\":\"https:\/\/www.vitalia-mediu.ro\/en\/?s={search_term_string}\"},\"query-input\":{\"@type\":\"PropertyValueSpecification\",\"valueRequired\":true,\"valueName\":\"search_term_string\"}}],\"inLanguage\":\"en-US\"},{\"@type\":\"Organization\",\"@id\":\"https:\/\/www.vitalia-mediu.ro\/en\/#organization\",\"name\":\"Vitalia Mediu\",\"url\":\"https:\/\/www.vitalia-mediu.ro\/en\/\",\"logo\":{\"@type\":\"ImageObject\",\"inLanguage\":\"en-US\",\"@id\":\"https:\/\/www.vitalia-mediu.ro\/en\/#\/schema\/logo\/image\/\",\"url\":\"https:\/\/www.vitalia-mediu.ro\/wp-content\/uploads\/2021\/06\/Vitalia-logo-final.svg\",\"contentUrl\":\"https:\/\/www.vitalia-mediu.ro\/wp-content\/uploads\/2021\/06\/Vitalia-logo-final.svg\",\"width\":293,\"height\":76,\"caption\":\"Vitalia Mediu\"},\"image\":{\"@id\":\"https:\/\/www.vitalia-mediu.ro\/en\/#\/schema\/logo\/image\/\"}}]}<\/script>\n<!-- \/ Yoast SEO plugin. -->","yoast_head_json":{"title":"Anun\u021buri - Vitalia Mediu","robots":{"index":"index","follow":"follow","max-snippet":"max-snippet:-1","max-image-preview":"max-image-preview:large","max-video-preview":"max-video-preview:-1"},"canonical":"https:\/\/www.vitalia-mediu.ro\/en\/anunturi\/","og_locale":"en_US","og_type":"article","og_title":"Anun\u021buri - Vitalia Mediu","og_description":"Anun\u021buri","og_url":"https:\/\/www.vitalia-mediu.ro\/en\/anunturi\/","og_site_name":"Vitalia Mediu","article_modified_time":"2021-12-22T15:35:34+00:00","twitter_card":"summary_large_image","twitter_misc":{"Est. reading time":"1 minute"},"schema":{"@context":"https:\/\/schema.org","@graph":[{"@type":"WebPage","@id":"https:\/\/www.vitalia-mediu.ro\/en\/anunturi\/","url":"https:\/\/www.vitalia-mediu.ro\/en\/anunturi\/","name":"Anun\u021buri - Vitalia Mediu","isPartOf":{"@id":"https:\/\/www.vitalia-mediu.ro\/en\/#website"},"datePublished":"2021-12-22T15:33:22+00:00","dateModified":"2021-12-22T15:35:34+00:00","breadcrumb":{"@id":"https:\/\/www.vitalia-mediu.ro\/en\/anunturi\/#breadcrumb"},"inLanguage":"en-US","potentialAction":[{"@type":"ReadAction","target":["https:\/\/www.vitalia-mediu.ro\/en\/anunturi\/"]}]},{"@type":"BreadcrumbList","@id":"https:\/\/www.vitalia-mediu.ro\/en\/anunturi\/#breadcrumb","itemListElement":[{"@type":"ListItem","position":1,"name":"Prima pagin\u0103","item":"https:\/\/www.vitalia-mediu.ro\/en\/?page_id=1700"},{"@type":"ListItem","position":2,"name":"Anun\u021buri"}]},{"@type":"WebSite","@id":"https:\/\/www.vitalia-mediu.ro\/en\/#website","url":"https:\/\/www.vitalia-mediu.ro\/en\/","name":"Vitalia Mediu","description":"Servicii Pentru Mediu","publisher":{"@id":"https:\/\/www.vitalia-mediu.ro\/en\/#organization"},"potentialAction":[{"@type":"SearchAction","target":{"@type":"EntryPoint","urlTemplate":"https:\/\/www.vitalia-mediu.ro\/en\/?s={search_term_string}"},"query-input":{"@type":"PropertyValueSpecification","valueRequired":true,"valueName":"search_term_string"}}],"inLanguage":"en-US"},{"@type":"Organization","@id":"https:\/\/www.vitalia-mediu.ro\/en\/#organization","name":"Vitalia Mediu","url":"https:\/\/www.vitalia-mediu.ro\/en\/","logo":{"@type":"ImageObject","inLanguage":"en-US","@id":"https:\/\/www.vitalia-mediu.ro\/en\/#\/schema\/logo\/image\/","url":"https:\/\/www.vitalia-mediu.ro\/wp-content\/uploads\/2021\/06\/Vitalia-logo-final.svg","contentUrl":"https:\/\/www.vitalia-mediu.ro\/wp-content\/uploads\/2021\/06\/Vitalia-logo-final.svg","width":293,"height":76,"caption":"Vitalia Mediu"},"image":{"@id":"https:\/\/www.vitalia-mediu.ro\/en\/#\/schema\/logo\/image\/"}}]}},"_links":{"self":[{"href":"https:\/\/www.vitalia-mediu.ro\/en\/wp-json\/wp\/v2\/pages\/1233","targetHints":{"allow":["GET"]}}],"collection":[{"href":"https:\/\/www.vitalia-mediu.ro\/en\/wp-json\/wp\/v2\/pages"}],"about":[{"href":"https:\/\/www.vitalia-mediu.ro\/en\/wp-json\/wp\/v2\/types\/page"}],"author":[{"embeddable":true,"href":"https:\/\/www.vitalia-mediu.ro\/en\/wp-json\/wp\/v2\/users\/3"}],"replies":[{"embeddable":true,"href":"https:\/\/www.vitalia-mediu.ro\/en\/wp-json\/wp\/v2\/comments?post=1233"}],"version-history":[{"count":5,"href":"https:\/\/www.vitalia-mediu.ro\/en\/wp-json\/wp\/v2\/pages\/1233\/revisions"}],"predecessor-version":[{"id":1282,"href":"https:\/\/www.vitalia-mediu.ro\/en\/wp-json\/wp\/v2\/pages\/1233\/revisions\/1282"}],"wp:attachment":[{"href":"https:\/\/www.vitalia-mediu.ro\/en\/wp-json\/wp\/v2\/media?parent=1233"}],"curies":[{"name":"wp","href":"https:\/\/api.w.org\/{rel}","templated":true}]}}